{"id":613,"date":"2023-04-11T15:58:45","date_gmt":"2023-04-11T13:58:45","guid":{"rendered":"https:\/\/emplettes-cagettes.fr\/?page_id=613"},"modified":"2023-04-26T14:48:21","modified_gmt":"2023-04-26T12:48:21","slug":"fonctionnement","status":"publish","type":"page","link":"https:\/\/emplettes-cagettes.fr\/?page_id=613","title":{"rendered":"Fonctionnement"},"content":{"rendered":"\n<p class=\"has-black-color has-text-color\" style=\"font-size:15px\">Apr\u00e8s une adh\u00e9sion de 1\u20ac par an et par foyer, les personnes peuvent se d\u00e9finir en trois cat\u00e9gories :<\/p>\n\n\n\n<ul class=\"wp-block-list\">\n<li style=\"font-size:15px\"><mark style=\"background-color:rgba(0, 0, 0, 0)\" class=\"has-inline-color has-vivid-purple-color\">VIP = Very Important Prioritaire<\/mark> > les personnes d\u00e9clarant avoir du mal \u00e0 remplir leur frigo<\/li>\n\n\n\n<li style=\"font-size:15px\"><mark style=\"background-color:rgba(0, 0, 0, 0)\" class=\"has-inline-color has-vivid-purple-color\">VIB = Very Important B\u00e9n\u00e9vole<\/mark> > les personnes qui souhaitent s\u2019investir et donner de leur temps pour l\u2019association<\/li>\n\n\n\n<li style=\"font-size:15px\"><mark style=\"background-color:rgba(0, 0, 0, 0)\" class=\"has-inline-color has-vivid-purple-color\">VIF = Very Important Financier<\/mark>\u00a0 > les personnes souhaitant soutenir financi\u00e8rement les activit\u00e9s de l\u2019association (il est \u00e9galement possible de faire des dons \u00e0 tout moment de l\u2019ann\u00e9e)<\/li>\n<\/ul>\n\n\n\n<p class=\"has-text-color\" style=\"color:#151515;font-size:15px\">Tout au long de l\u2019ann\u00e9e, nous prenons contact avec des producteurs afin de pouvoir proposer des produits vari\u00e9s au meilleurs prix aux adh\u00e9rents. Nous privil\u00e9gions avant tout la qualit\u00e9 des produits, et favorisons les produits locaux.<\/p>\n\n\n\n<ul class=\"wp-block-list\">\n<li style=\"color:#151515;font-size:15px\">En d\u00e9but de mois, au moment ou les allocations sont pay\u00e9es, un bon de commande est diffus\u00e9 aux foyers par mail et sur la <a rel=\"noreferrer noopener\" href=\"https:\/\/www.facebook.com\/EmplettesetCagettes\" data-type=\"URL\" data-id=\"https:\/\/www.facebook.com\/EmplettesetCagettes\" target=\"_blank\">page Facebook<\/a> de l\u2019association. Chaque famille peut alors choisir les produits qu\u2019elle souhaite obtenir ce mois-ci, et paye sa commande soit en la d\u00e9posant dans la bo\u00eete aux lettres pr\u00e9vue dans une structure partenaire, soit en l&rsquo;envoyant avec un virement, soit en le confiant au r\u00e9f\u00e9rent de son laboratoire local.<\/li>\n\n\n\n<li style=\"color:#151515;font-size:15px\">A la fin du mois, les commandes sont r\u00e9ceptionn\u00e9es, pr\u00e9par\u00e9es et achemin\u00e9es par les b\u00e9n\u00e9voles vers les diff\u00e9rents lieux de livraison et acheteurs.<\/li>\n<\/ul>\n\n\n\n<h2 class=\"wp-block-heading has-text-color\" style=\"color:#4ab056\"><strong>Une inclusion maximale de tous les adh\u00e9rents<\/strong><\/h2>\n\n\n\n<p class=\"has-text-color\" style=\"color:#151515;font-size:15px\">Gr\u00e2ce \u00e0 des entretiens semestriels (appel\u00e9s les<mark style=\"background-color:rgba(0, 0, 0, 0)\" class=\"has-inline-color has-vivid-purple-color\"> Laboratoires d\u2019usages<\/mark>) destin\u00e9s \u00e0 soumettre les exp\u00e9riences utilisateurs, les adh\u00e9rents sont au centre de toute la d\u00e9marche. Ainsi, quelques produits bio et des \u0153ufs de poules \u00e9lev\u00e9es en plein air ont fait leur apparition sur le bon de commande !<\/p>\n\n\n\n<p class=\"has-text-color\" style=\"color:#151515;font-size:15px\">Ces entretiens permettent aussi d\u2019\u00e9changer sur le fonctionnement global de l\u2019association, en tant qu\u2019adh\u00e9rent et\/ou b\u00e9n\u00e9vole.<\/p>\n\n\n\n<p class=\"has-text-color\" style=\"color:#151515;font-size:15px\">En effet, l\u2019association fonctionne principalement gr\u00e2ce au travail des b\u00e9n\u00e9voles qui ont des missions vari\u00e9es : sourcing, pr\u00e9paration et gestion des commandes, communication&#8230;<\/p>\n\n\n\n<figure class=\"wp-block-gallery aligncenter has-nested-images columns-default is-cropped wp-block-gallery-1 is-layout-flex wp-block-gallery-is-layout-flex\">\n<figure class=\"wp-block-image size-large\"><img data-recalc-dims=\"1\" loading=\"lazy\" decoding=\"async\" width=\"1024\" height=\"768\" data-id=\"556\" src=\"https:\/\/i0.wp.com\/emplettes-cagettes.fr\/wp-content\/uploads\/2023\/03\/IMG_20221220_101112.jpg?resize=1024%2C768&#038;ssl=1\" alt=\"\" class=\"wp-image-556\" srcset=\"https:\/\/i0.wp.com\/emplettes-cagettes.fr\/wp-content\/uploads\/2023\/03\/IMG_20221220_101112-scaled.jpg?resize=1024%2C768&amp;ssl=1 1024w, https:\/\/i0.wp.com\/emplettes-cagettes.fr\/wp-content\/uploads\/2023\/03\/IMG_20221220_101112-scaled.jpg?resize=600%2C450&amp;ssl=1 600w, https:\/\/i0.wp.com\/emplettes-cagettes.fr\/wp-content\/uploads\/2023\/03\/IMG_20221220_101112-scaled.jpg?resize=300%2C225&amp;ssl=1 300w, https:\/\/i0.wp.com\/emplettes-cagettes.fr\/wp-content\/uploads\/2023\/03\/IMG_20221220_101112-scaled.jpg?resize=768%2C576&amp;ssl=1 768w, https:\/\/i0.wp.com\/emplettes-cagettes.fr\/wp-content\/uploads\/2023\/03\/IMG_20221220_101112-scaled.jpg?resize=1536%2C1152&amp;ssl=1 1536w, https:\/\/i0.wp.com\/emplettes-cagettes.fr\/wp-content\/uploads\/2023\/03\/IMG_20221220_101112-scaled.jpg?resize=2048%2C1536&amp;ssl=1 2048w, https:\/\/i0.wp.com\/emplettes-cagettes.fr\/wp-content\/uploads\/2023\/03\/IMG_20221220_101112-scaled.jpg?resize=1320%2C990&amp;ssl=1 1320w, https:\/\/i0.wp.com\/emplettes-cagettes.fr\/wp-content\/uploads\/2023\/03\/IMG_20221220_101112-scaled.jpg?w=2280&amp;ssl=1 2280w\" sizes=\"auto, (max-width: 1024px) 100vw, 1024px\" \/><\/figure>\n\n\n\n<figure class=\"wp-block-image size-large\"><img data-recalc-dims=\"1\" loading=\"lazy\" decoding=\"async\" width=\"1024\" height=\"768\" data-id=\"560\" src=\"https:\/\/i0.wp.com\/emplettes-cagettes.fr\/wp-content\/uploads\/2023\/03\/IMG_20221222_144318.jpg?resize=1024%2C768&#038;ssl=1\" alt=\"\" class=\"wp-image-560\" srcset=\"https:\/\/i0.wp.com\/emplettes-cagettes.fr\/wp-content\/uploads\/2023\/03\/IMG_20221222_144318-scaled.jpg?resize=1024%2C768&amp;ssl=1 1024w, https:\/\/i0.wp.com\/emplettes-cagettes.fr\/wp-content\/uploads\/2023\/03\/IMG_20221222_144318-scaled.jpg?resize=600%2C450&amp;ssl=1 600w, https:\/\/i0.wp.com\/emplettes-cagettes.fr\/wp-content\/uploads\/2023\/03\/IMG_20221222_144318-scaled.jpg?resize=300%2C225&amp;ssl=1 300w, https:\/\/i0.wp.com\/emplettes-cagettes.fr\/wp-content\/uploads\/2023\/03\/IMG_20221222_144318-scaled.jpg?resize=768%2C576&amp;ssl=1 768w, https:\/\/i0.wp.com\/emplettes-cagettes.fr\/wp-content\/uploads\/2023\/03\/IMG_20221222_144318-scaled.jpg?resize=1536%2C1152&amp;ssl=1 1536w, https:\/\/i0.wp.com\/emplettes-cagettes.fr\/wp-content\/uploads\/2023\/03\/IMG_20221222_144318-scaled.jpg?resize=2048%2C1536&amp;ssl=1 2048w, https:\/\/i0.wp.com\/emplettes-cagettes.fr\/wp-content\/uploads\/2023\/03\/IMG_20221222_144318-scaled.jpg?resize=1320%2C990&amp;ssl=1 1320w, https:\/\/i0.wp.com\/emplettes-cagettes.fr\/wp-content\/uploads\/2023\/03\/IMG_20221222_144318-scaled.jpg?w=2280&amp;ssl=1 2280w\" sizes=\"auto, (max-width: 1024px) 100vw, 1024px\" \/><\/figure>\n\n\n\n<figure class=\"wp-block-image size-large\"><img data-recalc-dims=\"1\" loading=\"lazy\" decoding=\"async\" width=\"1024\" height=\"768\" data-id=\"559\" src=\"https:\/\/i0.wp.com\/emplettes-cagettes.fr\/wp-content\/uploads\/2023\/03\/IMG_20230322_113040-1.jpg?resize=1024%2C768&#038;ssl=1\" alt=\"\" class=\"wp-image-559\" srcset=\"https:\/\/i0.wp.com\/emplettes-cagettes.fr\/wp-content\/uploads\/2023\/03\/IMG_20230322_113040-1-scaled.jpg?resize=1024%2C768&amp;ssl=1 1024w, https:\/\/i0.wp.com\/emplettes-cagettes.fr\/wp-content\/uploads\/2023\/03\/IMG_20230322_113040-1-scaled.jpg?resize=600%2C450&amp;ssl=1 600w, https:\/\/i0.wp.com\/emplettes-cagettes.fr\/wp-content\/uploads\/2023\/03\/IMG_20230322_113040-1-scaled.jpg?resize=300%2C225&amp;ssl=1 300w, https:\/\/i0.wp.com\/emplettes-cagettes.fr\/wp-content\/uploads\/2023\/03\/IMG_20230322_113040-1-scaled.jpg?resize=768%2C576&amp;ssl=1 768w, https:\/\/i0.wp.com\/emplettes-cagettes.fr\/wp-content\/uploads\/2023\/03\/IMG_20230322_113040-1-scaled.jpg?resize=1536%2C1152&amp;ssl=1 1536w, https:\/\/i0.wp.com\/emplettes-cagettes.fr\/wp-content\/uploads\/2023\/03\/IMG_20230322_113040-1-scaled.jpg?resize=2048%2C1536&amp;ssl=1 2048w, https:\/\/i0.wp.com\/emplettes-cagettes.fr\/wp-content\/uploads\/2023\/03\/IMG_20230322_113040-1-scaled.jpg?resize=1320%2C990&amp;ssl=1 1320w, https:\/\/i0.wp.com\/emplettes-cagettes.fr\/wp-content\/uploads\/2023\/03\/IMG_20230322_113040-1-scaled.jpg?w=2280&amp;ssl=1 2280w\" sizes=\"auto, (max-width: 1024px) 100vw, 1024px\" \/><\/figure>\n<\/figure>\n\n\n<div class=\"is-default-size aligncenter wp-block-site-logo\"><a href=\"https:\/\/emplettes-cagettes.fr\/\" class=\"custom-logo-link\" rel=\"home\"><img loading=\"lazy\" decoding=\"async\" width=\"300\" height=\"207\" src=\"https:\/\/i0.wp.com\/emplettes-cagettes.fr\/wp-content\/uploads\/2023\/01\/logo-emplettes-et-cagettes.png?fit=300%2C207&amp;ssl=1\" class=\"custom-logo\" alt=\"Emplettes et Cagettes\" \/><\/a><\/div>","protected":false},"excerpt":{"rendered":"<p>Apr\u00e8s une adh\u00e9sion de 1\u20ac par an et par foyer, les personnes peuvent se d\u00e9finir en trois cat\u00e9gories : Tout au long de l\u2019ann\u00e9e, nous prenons contact avec des producteurs afin de pouvoir proposer des produits vari\u00e9s au meilleurs prix aux adh\u00e9rents. Nous privil\u00e9gions avant tout la qualit\u00e9 des produits, et favorisons les produits locaux.<\/p>\n<div><a class=\"btn-filled btn\" href=\"https:\/\/emplettes-cagettes.fr\/?page_id=613\" title=\"Fonctionnement\">Lire la suite<\/a><\/div>\n","protected":false},"author":2,"featured_media":0,"parent":617,"menu_order":0,"comment_status":"closed","ping_status":"closed","template":"","meta":{"footnotes":""},"class_list":["post-613","page","type-page","status-publish","hentry"],"jetpack_sharing_enabled":true,"_links":{"self":[{"href":"https:\/\/emplettes-cagettes.fr\/index.php?rest_route=\/wp\/v2\/pages\/613","targetHints":{"allow":["GET"]}}],"collection":[{"href":"https:\/\/emplettes-cagettes.fr\/index.php?rest_route=\/wp\/v2\/pages"}],"about":[{"href":"https:\/\/emplettes-cagettes.fr\/index.php?rest_route=\/wp\/v2\/types\/page"}],"author":[{"embeddable":true,"href":"https:\/\/emplettes-cagettes.fr\/index.php?rest_route=\/wp\/v2\/users\/2"}],"replies":[{"embeddable":true,"href":"https:\/\/emplettes-cagettes.fr\/index.php?rest_route=%2Fwp%2Fv2%2Fcomments&post=613"}],"version-history":[{"count":7,"href":"https:\/\/emplettes-cagettes.fr\/index.php?rest_route=\/wp\/v2\/pages\/613\/revisions"}],"predecessor-version":[{"id":760,"href":"https:\/\/emplettes-cagettes.fr\/index.php?rest_route=\/wp\/v2\/pages\/613\/revisions\/760"}],"up":[{"embeddable":true,"href":"https:\/\/emplettes-cagettes.fr\/index.php?rest_route=\/wp\/v2\/pages\/617"}],"wp:attachment":[{"href":"https:\/\/emplettes-cagettes.fr\/index.php?rest_route=%2Fwp%2Fv2%2Fmedia&parent=613"}],"curies":[{"name":"wp","href":"https:\/\/api.w.org\/{rel}","templated":true}]}}