{"id":473,"date":"2023-04-11T16:30:40","date_gmt":"2023-04-11T14:30:40","guid":{"rendered":"https:\/\/emplettes-cagettes.fr\/?page_id=473"},"modified":"2025-02-10T10:45:44","modified_gmt":"2025-02-10T09:45:44","slug":"emplettes-cagettes","status":"publish","type":"page","link":"https:\/\/emplettes-cagettes.fr\/","title":{"rendered":"Emplettes &amp; Cagettes : des collectifs d&rsquo;acheteurs-acteurs"},"content":{"rendered":"\n<p class=\"has-text-align-center has-black-color has-text-color has-large-font-size\"><strong>Aujourd\u2019hui<\/strong><\/p>\n\n\n\n<h2 class=\"wp-block-heading has-text-align-center has-black-color has-text-color has-link-color has-large-font-size wp-elements-ec7182a8044f963fc57e642f371b462d\"><strong>11 millions de Fran\u00e7ais d\u00e9clarent \u00ab&nbsp;ne pas avoir toujours \u00e0 manger&nbsp;\u00bb<\/strong> <\/h2>\n\n\n\n<p class=\"has-text-align-center\"><em>(Credoc 2022) <\/em><\/p>\n\n\n\n<h2 class=\"wp-block-heading has-text-align-center has-vivid-red-color has-text-color has-link-color has-large-font-size wp-elements-57b18b95b5fb62b4648d075e16bf2b74\"><em><strong>5 millions d\u2019entre eux b\u00e9n\u00e9ficient de l\u2019aide alimentaire<\/strong> <\/em><\/h2>\n\n\n\n<p class=\"has-text-align-center has-black-color has-text-color has-link-color has-medium-font-size wp-elements-c3ace76a68caf6e9f95349a481832b9f\"><em>(INJEP 2024) <\/em><\/p>\n\n\n\n<p class=\"has-text-align-center has-vivid-red-color has-text-color has-link-color has-large-font-size wp-elements-0bbaa2eb82b9734f7c5c7afb384f5f5c\"><em>dont <strong>1,5 million ont entre 16 et 35 ans<\/strong>.<\/em><\/p>\n\n\n\n<p class=\"has-black-color has-text-color has-link-color wp-elements-081a2cf3f919efcc59a3af2c87870dc3\">Ces aides alimentaires se font sous forme de <strong>repas gratuits<\/strong>&nbsp;(18% des personnes)&nbsp;; <strong>\u00e9picerie sociale et solidaire<\/strong>&nbsp;(18%)&nbsp;; <strong>paniers de produits alimentaires<\/strong> distribu\u00e9s par les associations&nbsp;(15%)&nbsp;; <strong>tickets ou bons alimentaires<\/strong>&nbsp;par une association (12%). Les jeunes qui ont besoin d\u2019aide alimentaire sont d\u2019abord des <strong>femmes inactives avec enfants<\/strong> (41 %), des <strong>\u00e9tudiants<\/strong> (37 %), <strong>des jeunes pr\u00e9caires en insertion professionnelle<\/strong> (11 %)&nbsp;; des <strong>SDF<\/strong> (11%)<\/p>\n\n\n\n<h2 class=\"wp-block-heading has-text-align-center has-vivid-red-color has-text-color has-link-color has-large-font-size wp-elements-e8cbfb3482798b46f45ec81ceb01f778\"><strong><em>Que deviennent alors ces 6 millions de personnes en pr\u00e9carit\u00e9 alimentaire qui n\u2019ont pas recours aux aides alimentaire ?<\/em><\/strong><\/h2>\n\n\n\n<p class=\"has-black-color has-text-color has-link-color wp-elements-bafca799abf54bfd333a66922713d46e\">C\u2019est difficile pour elles de <strong>\u00ab&nbsp;bien manger&nbsp;\u00bb,<\/strong> d\u2019acc\u00e9der \u00e0 des produits alimentaires locaux et de qualit\u00e9&nbsp;: ils sont trop<strong> chers, les packagings ne sont pas r\u00e9fl\u00e9chis pour eux, les lieux de vente sont \u00e9loign\u00e9s des domiciles, elles n\u2019ont pas les ressources financi\u00e8res, sociales et logistiques pour y acc\u00e9der. <\/strong>Il faut se contenter du discount, de qualit\u00e9 m\u00e9diocre, ayant bien souvent un impact d\u00e9favorable sur leur sant\u00e9 et l&rsquo;environnement. Les personnes t\u00e9moignent qu\u2019il leur est difficile d\u2019acc\u00e9der \u00e0 des prix bas, et elles sont souvent contraintes d\u2019acheter plus cher que tout le monde au plus pr\u00e8s de leur lieux de vie.<\/p>\n\n\n\n<p class=\"has-black-color has-text-color has-link-color wp-elements-09bfd1e87695e193ff1e8064a81cc39b\"><strong><em>En r\u00e9ponse \u00e0 cette situation<\/em><\/strong><\/p>\n\n\n\n<p class=\"has-vivid-red-color has-text-color has-link-color wp-elements-0c7e2cff26644c13dc60f9f3bf36edc0\"><strong><em>Emplettes&amp;Cagettes s\u2019est cr\u00e9\u00e9 pour donner suite \u00e0 cette volont\u00e9 de mieux se nourrir m\u00eame si on connait une p\u00e9riode de pr\u00e9carit\u00e9 alimentaire, ou si on vit dans la mis\u00e8re. \u00a0\u00ab On se met ensemble pour acheter en gros pour acheter mieux et moins cher. \u00a0On veut rester digne\u00a0: choisir sa nourriture, la commander, la payer, participer, retrouver sa citoyennet\u00e9\u00a0\u00bb. D\u00e9velopp\u00e9e d\u2019abord en Terres de Lorraine elle se d\u00e9veloppe sur l\u2019ensemble du sud de la Meurthe et Moselle et plus loin.<\/em><\/strong><\/p>\n\n\n\n<figure class=\"wp-block-image size-large\"><img data-recalc-dims=\"1\" loading=\"lazy\" decoding=\"async\" width=\"1024\" height=\"594\" src=\"https:\/\/i0.wp.com\/emplettes-cagettes.fr\/wp-content\/uploads\/2025\/02\/Image7.png?resize=1024%2C594&#038;ssl=1\" alt=\"\" class=\"wp-image-1692\" srcset=\"https:\/\/i0.wp.com\/emplettes-cagettes.fr\/wp-content\/uploads\/2025\/02\/Image7.png?resize=1024%2C594&amp;ssl=1 1024w, https:\/\/i0.wp.com\/emplettes-cagettes.fr\/wp-content\/uploads\/2025\/02\/Image7.png?resize=300%2C174&amp;ssl=1 300w, https:\/\/i0.wp.com\/emplettes-cagettes.fr\/wp-content\/uploads\/2025\/02\/Image7.png?resize=768%2C446&amp;ssl=1 768w, https:\/\/i0.wp.com\/emplettes-cagettes.fr\/wp-content\/uploads\/2025\/02\/Image7.png?resize=200%2C116&amp;ssl=1 200w, https:\/\/i0.wp.com\/emplettes-cagettes.fr\/wp-content\/uploads\/2025\/02\/Image7.png?w=1051&amp;ssl=1 1051w\" sizes=\"auto, (max-width: 1024px) 100vw, 1024px\" \/><\/figure>\n\n\n\n<p class=\"has-vivid-red-color has-text-color has-link-color wp-elements-967ff86c9e09b560d951f48a7cd382b2\"><strong><em>Se mettre ensemble pour acheter mieux et \u00e0 \u00ab&nbsp;des prix compatibles avec le porte-monnaie de la mis\u00e8re&nbsp;\u00bb, \u00ab sans tendre la main&nbsp;\u00bb, sans aller dans des lieux de distribution d\u2019o\u00f9 \u00ab tu sors la t\u00eate sous le bras&nbsp;\u00bb et notre devise \u00ab&nbsp;en faire profiter le plus de monde possible&nbsp;\u00bb.<\/em><\/strong><\/p>\n\n\n\n<p><\/p>\n\n\n\n<p class=\"has-text-align-center has-black-color has-text-color has-link-color wp-elements-a369a942e8d2f9b053f337fb711b5191\"><strong>Les adh\u00e9rents des collectifs sont impliqu\u00e9s dans l&rsquo;ensemble des d\u00e9cisions&nbsp;: <\/strong><strong><\/strong><\/p>\n\n\n\n<p class=\"has-text-align-center has-black-color has-text-color has-link-color wp-elements-f8bd2417748d1d63fc38fee4110dbd26\"><strong>Ils font les choix des produits alimentaires \u00e9l\u00e9mentaires du catalogue, ils valident les prix, les temporalit\u00e9s des commandes, et r\u00e9alisent les commandes, les conditionnements, les livraisons. Ils se d\u00e9finissent comme des ACHETEURS ACTEURS&nbsp;!<\/strong><\/p>\n\n\n\n<p class=\"has-vivid-red-color has-text-color has-link-color wp-elements-8d58e4d40f9653a5f4b08349362a8c7c\">Ils sont pr\u00e9sents dans les d\u00e9cisions strat\u00e9giques en participant \u00e0 un des \u00ab&nbsp;<strong><em>30 labos d&rsquo;usage qui cherchent \u00e0 am\u00e9liorer l&rsquo;exp\u00e9rience utilisateur en utilisant des m\u00e9thodes issues du Social Design et qui maillent le territoire et permettent de \u00ab&nbsp;rapporter les constats faits par les acheteurs, les analyser et formuler des propositions d\u2019am\u00e9lioration&nbsp;\u00bb (m\u00e9thode des labos CAP)<\/em><\/strong><\/p>\n\n\n\n<p class=\"has-black-color has-text-color has-link-color wp-elements-b23f5ec847af4d9c57e04863e8fed2a3\">L\u2019association propose des fruits et l\u00e9gumes de saison, des produits laitiers (lait UHT, fromages, petits suisses, etc.\u2026), des \u0153ufs, de l\u2019\u00e9picerie (p\u00e2tes, riz, farine, semoule de couscous, miel).<\/p>\n\n\n\n<figure class=\"wp-block-gallery aligncenter has-nested-images columns-default is-cropped wp-block-gallery-1 is-layout-flex wp-block-gallery-is-layout-flex\">\n<figure class=\"wp-block-image size-large\"><img data-recalc-dims=\"1\" loading=\"lazy\" decoding=\"async\" width=\"768\" height=\"1024\" data-id=\"534\" src=\"https:\/\/i0.wp.com\/emplettes-cagettes.fr\/wp-content\/uploads\/2023\/03\/IMG_20221220_142112-2.jpg?resize=768%2C1024&#038;ssl=1\" alt=\"\" class=\"wp-image-534\" srcset=\"https:\/\/i0.wp.com\/emplettes-cagettes.fr\/wp-content\/uploads\/2023\/03\/IMG_20221220_142112-2-scaled.jpg?resize=768%2C1024&amp;ssl=1 768w, https:\/\/i0.wp.com\/emplettes-cagettes.fr\/wp-content\/uploads\/2023\/03\/IMG_20221220_142112-2-scaled.jpg?resize=600%2C800&amp;ssl=1 600w, https:\/\/i0.wp.com\/emplettes-cagettes.fr\/wp-content\/uploads\/2023\/03\/IMG_20221220_142112-2-scaled.jpg?resize=225%2C300&amp;ssl=1 225w, https:\/\/i0.wp.com\/emplettes-cagettes.fr\/wp-content\/uploads\/2023\/03\/IMG_20221220_142112-2-scaled.jpg?resize=1152%2C1536&amp;ssl=1 1152w, https:\/\/i0.wp.com\/emplettes-cagettes.fr\/wp-content\/uploads\/2023\/03\/IMG_20221220_142112-2-scaled.jpg?resize=1536%2C2048&amp;ssl=1 1536w, https:\/\/i0.wp.com\/emplettes-cagettes.fr\/wp-content\/uploads\/2023\/03\/IMG_20221220_142112-2-scaled.jpg?resize=1320%2C1760&amp;ssl=1 1320w, https:\/\/i0.wp.com\/emplettes-cagettes.fr\/wp-content\/uploads\/2023\/03\/IMG_20221220_142112-2-scaled.jpg?w=1920&amp;ssl=1 1920w\" sizes=\"auto, (max-width: 768px) 100vw, 768px\" \/><\/figure>\n\n\n\n<figure class=\"wp-block-image size-large\"><img data-recalc-dims=\"1\" loading=\"lazy\" decoding=\"async\" width=\"1024\" height=\"768\" data-id=\"537\" src=\"https:\/\/i0.wp.com\/emplettes-cagettes.fr\/wp-content\/uploads\/2023\/03\/IMG_20230117_152132-2.jpg?resize=1024%2C768&#038;ssl=1\" alt=\"\" class=\"wp-image-537\" srcset=\"https:\/\/i0.wp.com\/emplettes-cagettes.fr\/wp-content\/uploads\/2023\/03\/IMG_20230117_152132-2-scaled.jpg?resize=1024%2C768&amp;ssl=1 1024w, https:\/\/i0.wp.com\/emplettes-cagettes.fr\/wp-content\/uploads\/2023\/03\/IMG_20230117_152132-2-scaled.jpg?resize=600%2C450&amp;ssl=1 600w, https:\/\/i0.wp.com\/emplettes-cagettes.fr\/wp-content\/uploads\/2023\/03\/IMG_20230117_152132-2-scaled.jpg?resize=300%2C225&amp;ssl=1 300w, https:\/\/i0.wp.com\/emplettes-cagettes.fr\/wp-content\/uploads\/2023\/03\/IMG_20230117_152132-2-scaled.jpg?resize=768%2C576&amp;ssl=1 768w, https:\/\/i0.wp.com\/emplettes-cagettes.fr\/wp-content\/uploads\/2023\/03\/IMG_20230117_152132-2-scaled.jpg?resize=1536%2C1152&amp;ssl=1 1536w, https:\/\/i0.wp.com\/emplettes-cagettes.fr\/wp-content\/uploads\/2023\/03\/IMG_20230117_152132-2-scaled.jpg?resize=2048%2C1536&amp;ssl=1 2048w, https:\/\/i0.wp.com\/emplettes-cagettes.fr\/wp-content\/uploads\/2023\/03\/IMG_20230117_152132-2-scaled.jpg?resize=1320%2C990&amp;ssl=1 1320w, https:\/\/i0.wp.com\/emplettes-cagettes.fr\/wp-content\/uploads\/2023\/03\/IMG_20230117_152132-2-scaled.jpg?w=2280&amp;ssl=1 2280w\" sizes=\"auto, (max-width: 1024px) 100vw, 1024px\" \/><\/figure>\n\n\n\n<figure class=\"wp-block-image size-large\"><img data-recalc-dims=\"1\" loading=\"lazy\" decoding=\"async\" width=\"768\" height=\"1024\" data-id=\"536\" src=\"https:\/\/i0.wp.com\/emplettes-cagettes.fr\/wp-content\/uploads\/2023\/03\/IMG_20221220_144644-1.jpg?resize=768%2C1024&#038;ssl=1\" alt=\"\" class=\"wp-image-536\" srcset=\"https:\/\/i0.wp.com\/emplettes-cagettes.fr\/wp-content\/uploads\/2023\/03\/IMG_20221220_144644-1-scaled.jpg?resize=768%2C1024&amp;ssl=1 768w, https:\/\/i0.wp.com\/emplettes-cagettes.fr\/wp-content\/uploads\/2023\/03\/IMG_20221220_144644-1-scaled.jpg?resize=600%2C800&amp;ssl=1 600w, https:\/\/i0.wp.com\/emplettes-cagettes.fr\/wp-content\/uploads\/2023\/03\/IMG_20221220_144644-1-scaled.jpg?resize=225%2C300&amp;ssl=1 225w, https:\/\/i0.wp.com\/emplettes-cagettes.fr\/wp-content\/uploads\/2023\/03\/IMG_20221220_144644-1-scaled.jpg?resize=1152%2C1536&amp;ssl=1 1152w, https:\/\/i0.wp.com\/emplettes-cagettes.fr\/wp-content\/uploads\/2023\/03\/IMG_20221220_144644-1-scaled.jpg?resize=1536%2C2048&amp;ssl=1 1536w, https:\/\/i0.wp.com\/emplettes-cagettes.fr\/wp-content\/uploads\/2023\/03\/IMG_20221220_144644-1-scaled.jpg?resize=1320%2C1760&amp;ssl=1 1320w, https:\/\/i0.wp.com\/emplettes-cagettes.fr\/wp-content\/uploads\/2023\/03\/IMG_20221220_144644-1-scaled.jpg?w=1920&amp;ssl=1 1920w\" sizes=\"auto, (max-width: 768px) 100vw, 768px\" \/><\/figure>\n<\/figure>\n\n\n<div class=\"is-default-size aligncenter wp-block-site-logo\"><a href=\"https:\/\/emplettes-cagettes.fr\/\" class=\"custom-logo-link\" rel=\"home\"><img loading=\"lazy\" decoding=\"async\" width=\"300\" height=\"207\" src=\"https:\/\/i0.wp.com\/emplettes-cagettes.fr\/wp-content\/uploads\/2023\/01\/logo-emplettes-et-cagettes.png?fit=300%2C207&amp;ssl=1\" class=\"custom-logo\" alt=\"Emplettes et Cagettes\" \/><\/a><\/div>\n\n\n<p>\/<\/p>\n\n\n<nav class=\"is-responsive wp-block-navigation is-layout-flex wp-block-navigation-is-layout-flex\" aria-label=\"menu-principal\" \n\t\t data-wp-interactive=\"core\/navigation\" data-wp-context='{\"overlayOpenedBy\":{\"click\":false,\"hover\":false,\"focus\":false},\"type\":\"overlay\",\"roleAttribute\":\"\",\"ariaLabel\":\"Menu\"}'><button aria-haspopup=\"dialog\" aria-label=\"Ouvrir le menu\" class=\"wp-block-navigation__responsive-container-open\" \n\t\t\t\tdata-wp-on--click=\"actions.openMenuOnClick\"\n\t\t\t\tdata-wp-on--keydown=\"actions.handleMenuKeydown\"\n\t\t\t><svg width=\"24\" height=\"24\" xmlns=\"http:\/\/www.w3.org\/2000\/svg\" viewBox=\"0 0 24 24\" aria-hidden=\"true\" focusable=\"false\"><path d=\"M4 7.5h16v1.5H4z\"><\/path><path d=\"M4 15h16v1.5H4z\"><\/path><\/svg><\/button>\n\t\t\t\t<div class=\"wp-block-navigation__responsive-container\"  id=\"modal-2\" \n\t\t\t\tdata-wp-class--has-modal-open=\"state.isMenuOpen\"\n\t\t\t\tdata-wp-class--is-menu-open=\"state.isMenuOpen\"\n\t\t\t\tdata-wp-watch=\"callbacks.initMenu\"\n\t\t\t\tdata-wp-on--keydown=\"actions.handleMenuKeydown\"\n\t\t\t\tdata-wp-on--focusout=\"actions.handleMenuFocusout\"\n\t\t\t\ttabindex=\"-1\"\n\t\t\t>\n\t\t\t\t\t<div class=\"wp-block-navigation__responsive-close\" tabindex=\"-1\">\n\t\t\t\t\t\t<div class=\"wp-block-navigation__responsive-dialog\" \n\t\t\t\tdata-wp-bind--aria-modal=\"state.ariaModal\"\n\t\t\t\tdata-wp-bind--aria-label=\"state.ariaLabel\"\n\t\t\t\tdata-wp-bind--role=\"state.roleAttribute\"\n\t\t\t>\n\t\t\t\t\t\t\t<button aria-label=\"Fermer le menu\" class=\"wp-block-navigation__responsive-container-close\" \n\t\t\t\tdata-wp-on--click=\"actions.closeMenuOnClick\"\n\t\t\t><svg xmlns=\"http:\/\/www.w3.org\/2000\/svg\" viewBox=\"0 0 24 24\" width=\"24\" height=\"24\" aria-hidden=\"true\" focusable=\"false\"><path d=\"m13.06 12 6.47-6.47-1.06-1.06L12 10.94 5.53 4.47 4.47 5.53 10.94 12l-6.47 6.47 1.06 1.06L12 13.06l6.47 6.47 1.06-1.06L13.06 12Z\"><\/path><\/svg><\/button>\n\t\t\t\t\t\t\t<div class=\"wp-block-navigation__responsive-container-content\" \n\t\t\t\tdata-wp-watch=\"callbacks.focusFirstElement\"\n\t\t\t id=\"modal-2-content\">\n\t\t\t\t\t\t\t\t<ul class=\"wp-block-navigation__container is-responsive wp-block-navigation\"><li class=\" wp-block-navigation-item  menu-item menu-item-type-custom menu-item-object-custom menu-item-home wp-block-navigation-link\"><a class=\"wp-block-navigation-item__content\"  href=\"https:\/\/emplettes-cagettes.fr\/\" title=\"\"><span class=\"wp-block-navigation-item__label\">Accueil<\/span><\/a><\/li><li class=\" wp-block-navigation-item  menu-item menu-item-type-post_type menu-item-object-page wp-block-navigation-link\"><a class=\"wp-block-navigation-item__content\"  href=\"https:\/\/emplettes-cagettes.fr\/?page_id=168\" title=\"\"><span class=\"wp-block-navigation-item__label\">Dons<\/span><\/a><\/li><li class=\" wp-block-navigation-item  menu-item menu-item-type-post_type menu-item-object-page wp-block-navigation-link\"><a class=\"wp-block-navigation-item__content\"  href=\"https:\/\/emplettes-cagettes.fr\/?page_id=29\" title=\"\"><span class=\"wp-block-navigation-item__label\">Mon compte<\/span><\/a><\/li><\/ul>\n\t\t\t\t\t\t\t<\/div>\n\t\t\t\t\t\t<\/div>\n\t\t\t\t\t<\/div>\n\t\t\t\t<\/div><\/nav>\n\n\n<figure class=\"wp-block-image size-large\"><img data-recalc-dims=\"1\" loading=\"lazy\" decoding=\"async\" width=\"1024\" height=\"274\" src=\"https:\/\/i0.wp.com\/emplettes-cagettes.fr\/wp-content\/uploads\/2025\/02\/logo-partenaires.png?resize=1024%2C274&#038;ssl=1\" alt=\"\" class=\"wp-image-1681\" srcset=\"https:\/\/i0.wp.com\/emplettes-cagettes.fr\/wp-content\/uploads\/2025\/02\/logo-partenaires.png?resize=1024%2C274&amp;ssl=1 1024w, https:\/\/i0.wp.com\/emplettes-cagettes.fr\/wp-content\/uploads\/2025\/02\/logo-partenaires.png?resize=300%2C80&amp;ssl=1 300w, https:\/\/i0.wp.com\/emplettes-cagettes.fr\/wp-content\/uploads\/2025\/02\/logo-partenaires.png?resize=768%2C205&amp;ssl=1 768w, https:\/\/i0.wp.com\/emplettes-cagettes.fr\/wp-content\/uploads\/2025\/02\/logo-partenaires.png?resize=200%2C53&amp;ssl=1 200w, https:\/\/i0.wp.com\/emplettes-cagettes.fr\/wp-content\/uploads\/2025\/02\/logo-partenaires.png?resize=228%2C61&amp;ssl=1 228w, https:\/\/i0.wp.com\/emplettes-cagettes.fr\/wp-content\/uploads\/2025\/02\/logo-partenaires.png?w=1286&amp;ssl=1 1286w\" sizes=\"auto, (max-width: 1024px) 100vw, 1024px\" \/><\/figure>\n\n\n\n<p><\/p>\n","protected":false},"excerpt":{"rendered":"<p>Aujourd\u2019hui 11 millions de Fran\u00e7ais d\u00e9clarent \u00ab&nbsp;ne pas avoir toujours \u00e0 manger&nbsp;\u00bb (Credoc 2022) 5 millions d\u2019entre eux b\u00e9n\u00e9ficient de l\u2019aide alimentaire (INJEP 2024) dont 1,5 million ont entre 16 et 35 ans. Ces aides alimentaires se font sous forme de repas gratuits&nbsp;(18% des personnes)&nbsp;; \u00e9picerie sociale et solidaire&nbsp;(18%)&nbsp;; paniers de produits alimentaires distribu\u00e9s par<\/p>\n<div><a class=\"btn-filled btn\" href=\"https:\/\/emplettes-cagettes.fr\/\" title=\"Emplettes &amp; Cagettes : des collectifs d&rsquo;acheteurs-acteurs\">Lire la suite<\/a><\/div>\n","protected":false},"author":2,"featured_media":0,"parent":0,"menu_order":0,"comment_status":"closed","ping_status":"closed","template":"","meta":{"footnotes":""},"class_list":["post-473","page","type-page","status-publish","hentry"],"jetpack_sharing_enabled":true,"_links":{"self":[{"href":"https:\/\/emplettes-cagettes.fr\/index.php?rest_route=\/wp\/v2\/pages\/473","targetHints":{"allow":["GET"]}}],"collection":[{"href":"https:\/\/emplettes-cagettes.fr\/index.php?rest_route=\/wp\/v2\/pages"}],"about":[{"href":"https:\/\/emplettes-cagettes.fr\/index.php?rest_route=\/wp\/v2\/types\/page"}],"author":[{"embeddable":true,"href":"https:\/\/emplettes-cagettes.fr\/index.php?rest_route=\/wp\/v2\/users\/2"}],"replies":[{"embeddable":true,"href":"https:\/\/emplettes-cagettes.fr\/index.php?rest_route=%2Fwp%2Fv2%2Fcomments&post=473"}],"version-history":[{"count":42,"href":"https:\/\/emplettes-cagettes.fr\/index.php?rest_route=\/wp\/v2\/pages\/473\/revisions"}],"predecessor-version":[{"id":1694,"href":"https:\/\/emplettes-cagettes.fr\/index.php?rest_route=\/wp\/v2\/pages\/473\/revisions\/1694"}],"wp:attachment":[{"href":"https:\/\/emplettes-cagettes.fr\/index.php?rest_route=%2Fwp%2Fv2%2Fmedia&parent=473"}],"curies":[{"name":"wp","href":"https:\/\/api.w.org\/{rel}","templated":true}]}}