{"id":168,"date":"2022-06-30T11:07:16","date_gmt":"2022-06-30T09:07:16","guid":{"rendered":"https:\/\/emplettes-cagettes.fr\/?page_id=168"},"modified":"2023-12-25T19:30:57","modified_gmt":"2023-12-25T18:30:57","slug":"informations-pour-les-dons","status":"publish","type":"page","link":"https:\/\/emplettes-cagettes.fr\/?page_id=168","title":{"rendered":"Dons"},"content":{"rendered":"<p>Pour soutenir notre action, vous pouvez effectuer un don directement \u00e0 l&rsquo;association par virement ou par ch\u00e8que.<br \/>\nNous travaillons aussi avec HelloAsso, vous pouvez retrouver notre formulaire de don ci dessous.<br \/>\nVous pouvez \u00e9galement ajouter un don lors d&rsquo;une commande en s\u00e9lectionnant le produit \u00ab\u00a0don\u00a0\u00bb et en indiquant la quantit\u00e9 en centimes d&rsquo;euros.<\/p>\n<p>Pour les virements, il faut utiliser le compte suivant :<\/p>\n<ul>\n<li>IBAN : <b> FR76 1027 8046 0000 0207 7490 160 <\/b><\/li>\n<li>Titulaire : <b> Emplettes et Cagettes <\/b><\/li>\n<\/ul>\n<p>et sp\u00e9cifier dans le motif \u00ab\u00a0don de la part de &#8230;\u00a0\u00bb avec votre nom.<\/p>\n<p>Pour les ch\u00e8ques, merci d&rsquo;envoyer votre ch\u00e8que \u00e0 l&rsquo;ordre de :<\/p>\n<ul>\n<li><b> Emplettes et Cagettes <\/b><\/li>\n<\/ul>\n<p>\u00e0 l&rsquo;adresse suivante :<\/p>\n<ul>\n<li><b> Site Andr\u00e9 Malraux, Place Henri Miller, 54200 Toul <\/b><\/li>\n<\/ul>\n<h4>Formulaire HelloAsso :<\/h4>\n<h4><iframe id=\"haWidget\" style=\"width: 100%; height: 750px; border: none;\" src=\"https:\/\/www.helloasso.com\/associations\/emplettes-et-cagettes\/formulaires\/1\/widget\" scrolling=\"auto\"><\/iframe><\/h4>\n","protected":false},"excerpt":{"rendered":"<p>Pour soutenir notre action, vous pouvez effectuer un don directement \u00e0 l&rsquo;association par virement ou par ch\u00e8que. Nous travaillons aussi avec HelloAsso, vous pouvez retrouver notre formulaire de don ci dessous. Vous pouvez \u00e9galement ajouter un don lors d&rsquo;une commande en s\u00e9lectionnant le produit \u00ab\u00a0don\u00a0\u00bb et en indiquant la quantit\u00e9 en centimes d&rsquo;euros. Pour les<\/p>\n<div><a class=\"btn-filled btn\" href=\"https:\/\/emplettes-cagettes.fr\/?page_id=168\" title=\"Dons\">Lire la suite<\/a><\/div>\n","protected":false},"author":3,"featured_media":0,"parent":0,"menu_order":0,"comment_status":"closed","ping_status":"closed","template":"","meta":{"footnotes":""},"class_list":["post-168","page","type-page","status-publish","hentry"],"jetpack_sharing_enabled":true,"_links":{"self":[{"href":"https:\/\/emplettes-cagettes.fr\/index.php?rest_route=\/wp\/v2\/pages\/168","targetHints":{"allow":["GET"]}}],"collection":[{"href":"https:\/\/emplettes-cagettes.fr\/index.php?rest_route=\/wp\/v2\/pages"}],"about":[{"href":"https:\/\/emplettes-cagettes.fr\/index.php?rest_route=\/wp\/v2\/types\/page"}],"author":[{"embeddable":true,"href":"https:\/\/emplettes-cagettes.fr\/index.php?rest_route=\/wp\/v2\/users\/3"}],"replies":[{"embeddable":true,"href":"https:\/\/emplettes-cagettes.fr\/index.php?rest_route=%2Fwp%2Fv2%2Fcomments&post=168"}],"version-history":[{"count":33,"href":"https:\/\/emplettes-cagettes.fr\/index.php?rest_route=\/wp\/v2\/pages\/168\/revisions"}],"predecessor-version":[{"id":1294,"href":"https:\/\/emplettes-cagettes.fr\/index.php?rest_route=\/wp\/v2\/pages\/168\/revisions\/1294"}],"wp:attachment":[{"href":"https:\/\/emplettes-cagettes.fr\/index.php?rest_route=%2Fwp%2Fv2%2Fmedia&parent=168"}],"curies":[{"name":"wp","href":"https:\/\/api.w.org\/{rel}","templated":true}]}}